{"id":304,"date":"2022-06-06T15:17:07","date_gmt":"2022-06-06T12:17:07","guid":{"rendered":"https:\/\/dev.rpr-business.lv\/?page_id=304"},"modified":"2022-08-26T12:59:45","modified_gmt":"2022-08-26T09:59:45","slug":"privacy-policy","status":"publish","type":"page","link":"https:\/\/rpr-business.lv\/en\/privacy-policy\/","title":{"rendered":"Privacy Policy"},"content":{"rendered":"\n<style type=\"text\/css\" data-created_by=\"avia_inline_auto\" id=\"style-css-av-av_section-f4bf19f6aa6a176c55b641af4a286013\">\n.avia-section.av-av_section-f4bf19f6aa6a176c55b641af4a286013{\nbackground-repeat:no-repeat;\nbackground-image:url(https:\/\/rpr-business.lv\/wp-content\/uploads\/2022\/06\/Screenshot-2022-04-29-at-09.43.16.png);\nbackground-position:50% 50%;\nbackground-attachment:fixed;\n}\n.avia-section.av-av_section-f4bf19f6aa6a176c55b641af4a286013 .av-section-color-overlay{\nopacity:0.4;\nbackground-color:#0066ab;\n}\n<\/style>\n<div id='av_section_1'  class='avia-section av-av_section-f4bf19f6aa6a176c55b641af4a286013 main_color avia-section-no-padding avia-no-border-styling  avia-builder-el-0  el_before_av_textblock  avia-builder-el-first  avia-full-stretch avia-bg-style-fixed av-section-color-overlay-active av-minimum-height av-minimum-height-20  container_wrap fullsize'  data-section-bg-repeat='stretch' data-av_minimum_height_pc='20'><div class=\"av-section-color-overlay-wrap\"><div class=\"av-section-color-overlay\"><\/div><div class='container av-section-cont-open' ><main  role=\"main\" itemprop=\"mainContentOfPage\"  class='template-page content  av-content-full alpha units'><div class='post-entry post-entry-type-page post-entry-304'><div class='entry-content-wrapper clearfix'>\n\n<style type=\"text\/css\" data-created_by=\"avia_inline_auto\" id=\"style-css-av-l5b2tqyz-b05fa64d2e2f3cf4d2b5c9b275aa26ef\">\n#top .av-special-heading.av-l5b2tqyz-b05fa64d2e2f3cf4d2b5c9b275aa26ef{\npadding-bottom:10px;\ncolor:#ffffff;\nfont-size:50px;\n}\nbody .av-special-heading.av-l5b2tqyz-b05fa64d2e2f3cf4d2b5c9b275aa26ef .av-special-heading-tag .heading-char{\nfont-size:25px;\n}\n#top #wrap_all .av-special-heading.av-l5b2tqyz-b05fa64d2e2f3cf4d2b5c9b275aa26ef .av-special-heading-tag{\nfont-size:50px;\n}\n.av-special-heading.av-l5b2tqyz-b05fa64d2e2f3cf4d2b5c9b275aa26ef .special-heading-inner-border{\nborder-color:#ffffff;\n}\n.av-special-heading.av-l5b2tqyz-b05fa64d2e2f3cf4d2b5c9b275aa26ef .av-subheading{\nfont-size:15px;\n}\nbody .av-special-heading.av-l5b2tqyz-b05fa64d2e2f3cf4d2b5c9b275aa26ef .av-special-heading-tag .heading-wrap:before{\nborder-color:#ffffff;\n}\nbody .av-special-heading.av-l5b2tqyz-b05fa64d2e2f3cf4d2b5c9b275aa26ef .av-special-heading-tag .heading-wrap:after{\nborder-color:#ffffff;\n}\n\n@media only screen and (min-width: 768px) and (max-width: 989px){ \n#top #wrap_all .av-special-heading.av-l5b2tqyz-b05fa64d2e2f3cf4d2b5c9b275aa26ef .av-special-heading-tag{\nfont-size:45px;\n}\n}\n\n@media only screen and (min-width: 480px) and (max-width: 767px){ \n#top #wrap_all .av-special-heading.av-l5b2tqyz-b05fa64d2e2f3cf4d2b5c9b275aa26ef .av-special-heading-tag{\nfont-size:40px;\n}\n}\n\n@media only screen and (max-width: 479px){ \n#top #wrap_all .av-special-heading.av-l5b2tqyz-b05fa64d2e2f3cf4d2b5c9b275aa26ef .av-special-heading-tag{\nfont-size:35px;\n}\n}\n<\/style>\n<div  class='av-special-heading av-l5b2tqyz-b05fa64d2e2f3cf4d2b5c9b275aa26ef av-special-heading-h1 custom-color-heading blockquote elegant-quote elegant-centered  avia-builder-el-1  avia-builder-el-no-sibling  av-inherit-size'><h1 class='av-special-heading-tag'  itemprop=\"headline\"  ><span class=\"heading-wrap\">Privacy Policy<\/span><\/h1><div class=\"special-heading-border\"><div class=\"special-heading-inner-border\"><\/div><\/div><\/div>\n<\/div><\/div><\/main><!-- close content main element --><\/div><\/div><\/div><div id='after_section_1'  class='main_color av_default_container_wrap container_wrap fullsize'  ><div class='container av-section-cont-open' ><div class='template-page content  av-content-full alpha units'><div class='post-entry post-entry-type-page post-entry-304'><div class='entry-content-wrapper clearfix'>\n<section  class='av_textblock_section av-5xyv-2987e9bebe45cdd017273d2ab5636c64'  itemscope=\"itemscope\" itemtype=\"https:\/\/schema.org\/CreativeWork\" ><div class='avia_textblock'  itemprop=\"text\" ><p><strong>T\u012bmek\u013ca vietnes \u012bpa\u0161nieks un p\u0101rvaldnieks:<\/strong><br \/>\nR\u012bgas pl\u0101no\u0161anas re\u0123ions<br \/>\nRe\u0123. Nr. 90002222018<br \/>\nAdrese: Zigfr\u012bda Annas Meierovica bulv\u0101ris18, R\u012bga, LV-1050, Latvija<br \/>\nAdministr\u0101cijas e-pasts: <a href=\"mailto:rpr@rpr.gov.lv\">rpr@rpr.gov.lv<\/a><br \/>\nT\u0101lrunis: + 371 6 7226430<br \/>\nFakss: + 371 6 7226431<\/p>\n<p><strong>Kas ir s\u012bkdatne?<\/strong><br \/>\nS\u012bkdatne ir maza teksta datne, kur\u0101 tiek uzglab\u0101ti interneta iestat\u012bjumi. Gandr\u012bz vis\u0101s t\u012bmek\u013ca vietn\u0113s tiek izmantota s\u012bkdat\u0146u tehnolo\u0123ija. J\u016bsu interneta p\u0101rl\u016bks lejupiel\u0101d\u0113 s\u012bkdatni pirmo reizi, kad apmekl\u0113jat k\u0101du t\u012bmek\u013ca vietni. N\u0101kamreiz, kad apmekl\u0113siet konkr\u0113to t\u012bmek\u013ca vietni no t\u0101s pa\u0161as ier\u012bces, s\u012bkdatne un taj\u0101 eso\u0161\u0101 inform\u0101cija tiek nos\u016bt\u012bta atpaka\u013c uz t\u0101s izcelsmes t\u012bmek\u013ca vietni (pirm\u0101s puses s\u012bkdatnes) vai uz citu vietni, kurai t\u0101 pieder (tre\u0161\u0101s personas s\u012bkdatnes). T\u0101d\u0113j\u0101di t\u012bmek\u013ca vietne var noteikt, ka t\u0101 jau reiz ir bijusi atv\u0113rta \u0161aj\u0101 p\u0101rl\u016bk\u0101, un da\u017ek\u0101rt var piel\u0101got par\u0101d\u012bto saturu.<\/p>\n<p>Da\u017eas s\u012bkdatnes ir \u0101rk\u0101rt\u012bgi noder\u012bgas, jo t\u0101s uzlabo j\u016bsu lietot\u0101ja pieredzi, kad atgrie\u017eaties t\u012bmek\u013ca vietn\u0113, ko jau iepriek\u0161 esat apmekl\u0113ju\u0161i. Ja izmantosiet to pa\u0161u ier\u012bci un p\u0101rl\u016bku, ko iepriek\u0161, s\u012bkdatnes atcer\u0113sies j\u016bsu izdar\u012bt\u0101s izv\u0113les, zin\u0101s, k\u0101 j\u016bs izmantojat t\u012bmek\u013ca vietni, un piel\u0101gos jums redzamo saturu, lai tas lab\u0101k atbilstu j\u016bsu person\u012bgaj\u0101m interes\u0113m un vajadz\u012bb\u0101m.<\/p>\n<p><strong>J\u016bsu s\u012bkdat\u0146u iestat\u012bjumi \u0161aj\u0101 t\u012bmek\u013ca vietn\u0113.<\/strong><br \/>\n\u0160\u012bs t\u012bmek\u013ca vietnes s\u012bkdatnes, kuru izmanto\u0161ana nav j\u0101apstiprina.<br \/>\nB\u016btisk\u0101s s\u012bkdatnes, ko d\u0113v\u0113 ar\u012b par oblig\u0101ti nepiecie\u0161amaj\u0101m s\u012bkdatn\u0113m, g\u0101d\u0101 par funkcij\u0101m, bez kur\u0101m j\u016bs nevar\u0113tu izmantot \u0161o t\u012bmek\u013ca vietni k\u0101 paredz\u0113ts. \u0160\u012bs s\u012bkdatnes tiek izmantotas tikai \u0161aj\u0101 t\u012bmek\u013ca vietn\u0113, t\u0101d\u0113\u013c t\u0101s d\u0113v\u0113 par pirm\u0101s puses s\u012bkdatn\u0113m. T\u0101s j\u016bsu dator\u0101 tiek uzglab\u0101tas tikai tikm\u0113r, kam\u0113r j\u016bs p\u0101rl\u016bkojat \u0161o t\u012bmek\u013ca vietni. Viens piem\u0113rs, k\u0101d\u0113\u013c oblig\u0101ti nepiecie\u0161am\u0101s s\u012bkdatnes tiek izmantotas \u2014 lai nodro\u0161in\u0101tu, ka j\u016bsu ekr\u0101n\u0101 par\u0101d\u012btais saturs atbilst datu apjomam, ar ko sp\u0113j tikt gal\u0101 j\u016bsu pa\u0161reiz\u0113jais interneta savienojums. V\u0113l k\u0101ds \u0161o s\u012bkdat\u0146u funkcijas piem\u0113rs \u2014 t\u0101s veicina p\u0101reju no http uz https, kad p\u0101rejat uz citu lapu, lai tiktu saglab\u0101ta p\u0101rraid\u012bto datu dro\u0161\u012bba. \u0160\u0101da veida s\u012bkdatnes ar\u012b izmanto, lai saglab\u0101tu j\u016bsu izv\u0113li par s\u012bkdat\u0146u lieto\u0161anu m\u016bsu t\u012bmek\u013ca vietn\u0113. J\u016bsu piekri\u0161ana nav nepiecie\u0161ama attiec\u012bb\u0101 uz oblig\u0101ti nepiecie\u0161amaj\u0101m s\u012bkdatn\u0113m.<\/p>\n<p><strong>\u0160\u012bs t\u012bmek\u013ca vietnes pirm\u0101s puses s\u012bkdatnes, kuru lieto\u0161anai nepiecie\u0161ama at\u013cauja<\/strong><br \/>\nS\u012bkdatnes, kuru lieto\u0161ana no juridisk\u0101 viedok\u013ca nav oblig\u0101ti nepiecie\u0161ama \u0161\u012bs t\u012bmek\u013ca vietnes izmanto\u0161anai, tom\u0113r pilda svar\u012bgas funkcijas. Bez \u0161\u012bm s\u012bkdatn\u0113m neb\u016btu pieejamas funkcijas, kas padara m\u016bsu t\u012bmek\u013ca vietnes lieto\u0161anu \u0113rtu \u2014 piem\u0113ram, autom\u0101tiski aizpild\u012bt\u0101s formas. J\u016bsu iestat\u012bjumi, piem\u0113ram, izv\u0113l\u0113t\u0101 valoda, vairs netiktu saglab\u0101ta, t\u0101p\u0113c \u0161\u012b izv\u0113le b\u016btu j\u0101veic ik reizi, kad j\u016bs p\u0101rietu uz citu lapu. Turkl\u0101t bez \u0161\u012bm s\u012bkdatn\u0113m m\u0113s vairs nevar\u0113tu jums nodro\u0161in\u0101t pied\u0101v\u0101jumus, kas ir \u012bpa\u0161i piel\u0101goti tie\u0161i jums.<\/p>\n<p><strong>T\u0101du tre\u0161o pu\u0161u s\u012bkdat\u0146u lieto\u0161ana \u0161aj\u0101 t\u012bmek\u013ca vietn\u0113, kuru lieto\u0161anai nepiecie\u0161ama at\u013cauja<\/strong><br \/>\n\u0160aj\u0101 t\u012bmek\u013ca vietn\u0113 ir integr\u0113ts tre\u0161aj\u0101m pus\u0113m piedero\u0161s saturs. \u0160ie tre\u0161o pu\u0161u pakalpojumu sniedz\u0113ji var izvietot s\u012bkdatnes t\u012bmek\u013ca vietn\u0113, kad j\u016bs to apmekl\u0113jat, un t\u0101d\u0113j\u0101di ieg\u016bt inform\u0101ciju par faktu, ka esat apmekl\u0113ju\u0161i \u0161o t\u012bmek\u013ca vietni. Ja v\u0113laties ieg\u016bt s\u012bk\u0101ku inform\u0101ciju par to, k\u0101 \u0161\u012bs tre\u0161\u0101s puses izmanto s\u012bkdatnes, dodieties uz vi\u0146u t\u012bmek\u013ca vietn\u0113m. Ja esat nol\u0113mu\u0161i nesniegt at\u013cauju \u0161o s\u012bkdat\u0146u izmanto\u0161anai vai esat atsauku\u0161i sniegto at\u013cauju, j\u016bs var\u0113siet izmantot tikai t\u012bmek\u013ca vietnes funkcijas, kuru lieto\u0161anai nav nepiecie\u0161amas konkr\u0113t\u0101s s\u012bkdatnes. \u0160aj\u0101 gad\u012bjum\u0101 jums neb\u016bs pieejamas t\u012bmek\u013ca vietnes sada\u013cas, kur\u0101s var b\u016bt iek\u013cauts tre\u0161o pu\u0161u saturs un kur\u0101s t\u0101d\u0113\u013c atrodas tre\u0161o pu\u0161u s\u012bkdatnes. Ja visp\u0101r nev\u0113laties pie\u0146emt s\u012bkdatnes, varat to nor\u0101d\u012bt sava t\u012bmek\u013ca p\u0101rl\u016bka iestat\u012bjumos.<\/p>\n<ul>\n<li>Internet Explorer;<\/li>\n<li>Mozilla Firefox;<\/li>\n<li>Google Chrome;<\/li>\n<li>Opera;<\/li>\n<li>Safari;<\/li>\n<li>Flash s\u012bkdatnes (visos p\u0101rl\u016bkos);<\/li>\n<li>iPhone, iPad un cit\u0101s Apple ier\u012bc\u0113s;<\/li>\n<li>T\u0101lru\u0146os ar Android oper\u0113t\u0101jsist\u0113mu;<\/li>\n<li>T\u0101lru\u0146os ar Windows 7 oper\u0113t\u0101jsist\u0113mu.<\/li>\n<\/ul>\n<p><strong>\u0160aj\u0101 t\u012bmek\u013ca vietn\u0113 tiek izmantotas \u0161\u0101das s\u012bkdatnes:\u00a0<\/strong><\/p>\n<table width=\"auto\">\n<tbody>\n<tr>\n<td width=\"100\"><strong>NOSAUKUMS<\/strong><\/td>\n<td width=\"300\"><strong>NOL\u016aKS<\/strong><\/td>\n<td width=\"250\"><strong>S\u012aKDATNES VEIDS UN ILGUMS<\/strong><\/td>\n<\/tr>\n<tr>\n<td width=\"100\">PHPSESSID<\/td>\n<td width=\"300\">T\u012bmek\u013ca vietnes aizsardz\u012bba pret uzbrukumiem.<\/td>\n<td width=\"250\">Pirm\u0101s personas s\u012bkdatne, kas tiek glab\u0101ta\u00a0l\u012bdz izbeidzas sesija<\/td>\n<\/tr>\n<tr>\n<td width=\"100\">wp-wpml_current_language<\/td>\n<td width=\"300\">Izmanto, lai saglab\u0101tu\u00a0j\u016bsu valodas iestat\u012bjumus (lai tie jums vairs netiktu pras\u012bti).<\/td>\n<td width=\"250\">Pirm\u0101s personas s\u012bkdatne, kas tiek glab\u0101ta\u00a0l\u012bdz izbeidzas sesija<\/td>\n<\/tr>\n<tr>\n<td width=\"100\">wpca_cc<\/td>\n<td width=\"300\">Izmanto, lai saglab\u0101tu\u00a0j\u016bsu s\u012bkdat\u0146u iestat\u012bjumus (lai tie jums vairs netiktu pras\u012bti).<\/td>\n<td width=\"250\">Pirm\u0101s personas s\u012bkdatne, kas tiek glab\u0101ta\u00a0365 dienas<\/td>\n<\/tr>\n<tr>\n<td width=\"100\">wpca_consent<\/td>\n<td width=\"300\">Izmanto, lai saglab\u0101tu\u00a0j\u016bsu s\u012bkdat\u0146u piekri\u0161anas vai noraid\u012bjuma iestat\u012bjumus (lai tie jums vairs netiktu pras\u012bti)..<\/td>\n<td width=\"250\">Pirm\u0101s personas s\u012bkdatne, kas tiek glab\u0101ta\u00a0365 dienas<\/td>\n<\/tr>\n<tr>\n<td width=\"100\">_ga_<\/td>\n<td width=\"300\">\u0160o s\u012bkfailu ir iestat\u012bjis Google, un to izmanto, lai at\u0161\u0137irtu lietot\u0101jus.<\/td>\n<td width=\"250\">Tre\u0161\u0101s personas s\u012bkdatne, kas tiek glab\u0101ta 2 gadus<\/td>\n<\/tr>\n<\/tbody>\n<\/table>\n<\/div><\/section>\n\n","protected":false},"excerpt":{"rendered":"","protected":false},"author":1,"featured_media":0,"parent":0,"menu_order":0,"comment_status":"closed","ping_status":"closed","template":"template-createitheaderstyle.php","meta":[],"_links":{"self":[{"href":"https:\/\/rpr-business.lv\/en\/wp-json\/wp\/v2\/pages\/304"}],"collection":[{"href":"https:\/\/rpr-business.lv\/en\/wp-json\/wp\/v2\/pages"}],"about":[{"href":"https:\/\/rpr-business.lv\/en\/wp-json\/wp\/v2\/types\/page"}],"author":[{"embeddable":true,"href":"https:\/\/rpr-business.lv\/en\/wp-json\/wp\/v2\/users\/1"}],"replies":[{"embeddable":true,"href":"https:\/\/rpr-business.lv\/en\/wp-json\/wp\/v2\/comments?post=304"}],"version-history":[{"count":4,"href":"https:\/\/rpr-business.lv\/en\/wp-json\/wp\/v2\/pages\/304\/revisions"}],"predecessor-version":[{"id":537,"href":"https:\/\/rpr-business.lv\/en\/wp-json\/wp\/v2\/pages\/304\/revisions\/537"}],"wp:attachment":[{"href":"https:\/\/rpr-business.lv\/en\/wp-json\/wp\/v2\/media?parent=304"}],"curies":[{"name":"wp","href":"https:\/\/api.w.org\/{rel}","templated":true}]}}