{"id":287,"date":"2022-07-06T15:09:33","date_gmt":"2022-07-06T12:09:33","guid":{"rendered":"https:\/\/dev.rpr-business.lv\/?page_id=287"},"modified":"2022-08-23T15:48:33","modified_gmt":"2022-08-23T12:48:33","slug":"support-institutions","status":"publish","type":"page","link":"https:\/\/rpr-business.lv\/en\/support-institutions\/","title":{"rendered":"Support Institutions"},"content":{"rendered":"\n<style type=\"text\/css\" data-created_by=\"avia_inline_auto\" id=\"style-css-av-mbb4x-323c45cdc1c82e9d6274ac5793688e56\">\n.avia-section.av-mbb4x-323c45cdc1c82e9d6274ac5793688e56{\nbackground-repeat:no-repeat;\nbackground-image:url(https:\/\/rpr-business.lv\/wp-content\/uploads\/2022\/06\/Screenshot-2022-04-29-at-09.43.16.png);\nbackground-position:50% 50%;\nbackground-attachment:fixed;\n}\n.avia-section.av-mbb4x-323c45cdc1c82e9d6274ac5793688e56 .av-section-color-overlay{\nopacity:0.4;\nbackground-color:#0066ab;\n}\n<\/style>\n<div id='av_section_1'  class='avia-section av-mbb4x-323c45cdc1c82e9d6274ac5793688e56 main_color avia-section-no-padding avia-no-border-styling  avia-builder-el-0  el_before_av_section  avia-builder-el-first  avia-full-stretch avia-bg-style-fixed av-section-color-overlay-active av-minimum-height av-minimum-height-20  container_wrap fullsize'  data-section-bg-repeat='stretch' data-av_minimum_height_pc='20'><div class=\"av-section-color-overlay-wrap\"><div class=\"av-section-color-overlay\"><\/div><div class='container av-section-cont-open' ><main  role=\"main\" itemprop=\"mainContentOfPage\"  class='template-page content  av-content-full alpha units'><div class='post-entry post-entry-type-page post-entry-287'><div class='entry-content-wrapper clearfix'>\n\n<style type=\"text\/css\" data-created_by=\"avia_inline_auto\" id=\"style-css-av-l59k4qdb-92bd74ecc795612029641fb64269d817\">\n#top .av-special-heading.av-l59k4qdb-92bd74ecc795612029641fb64269d817{\npadding-bottom:10px;\ncolor:#ffffff;\nfont-size:50px;\n}\nbody .av-special-heading.av-l59k4qdb-92bd74ecc795612029641fb64269d817 .av-special-heading-tag .heading-char{\nfont-size:25px;\n}\n#top #wrap_all .av-special-heading.av-l59k4qdb-92bd74ecc795612029641fb64269d817 .av-special-heading-tag{\nfont-size:50px;\n}\n.av-special-heading.av-l59k4qdb-92bd74ecc795612029641fb64269d817 .special-heading-inner-border{\nborder-color:#ffffff;\n}\n.av-special-heading.av-l59k4qdb-92bd74ecc795612029641fb64269d817 .av-subheading{\nfont-size:15px;\n}\nbody .av-special-heading.av-l59k4qdb-92bd74ecc795612029641fb64269d817 .av-special-heading-tag .heading-wrap:before{\nborder-color:#ffffff;\n}\nbody .av-special-heading.av-l59k4qdb-92bd74ecc795612029641fb64269d817 .av-special-heading-tag .heading-wrap:after{\nborder-color:#ffffff;\n}\n\n@media only screen and (min-width: 768px) and (max-width: 989px){ \n#top #wrap_all .av-special-heading.av-l59k4qdb-92bd74ecc795612029641fb64269d817 .av-special-heading-tag{\nfont-size:45px;\n}\n}\n\n@media only screen and (min-width: 480px) and (max-width: 767px){ \n#top #wrap_all .av-special-heading.av-l59k4qdb-92bd74ecc795612029641fb64269d817 .av-special-heading-tag{\nfont-size:40px;\n}\n}\n\n@media only screen and (max-width: 479px){ \n#top #wrap_all .av-special-heading.av-l59k4qdb-92bd74ecc795612029641fb64269d817 .av-special-heading-tag{\nfont-size:35px;\n}\n}\n<\/style>\n<div  class='av-special-heading av-l59k4qdb-92bd74ecc795612029641fb64269d817 av-special-heading-h1 custom-color-heading blockquote elegant-quote elegant-centered  avia-builder-el-1  avia-builder-el-no-sibling  av-inherit-size'><h1 class='av-special-heading-tag'  itemprop=\"headline\"  ><span class=\"heading-wrap\">Support Institutions<\/span><\/h1><div class=\"special-heading-border\"><div class=\"special-heading-inner-border\"><\/div><\/div><\/div>\n<\/div><\/div><\/main><!-- close content main element --><\/div><\/div><\/div><div id='av_section_2'  class='avia-section av-e6kk1-27145e9104a57997238709bf4ae38d7a main_color avia-section-default avia-no-border-styling  avia-builder-el-2  el_after_av_section  el_before_av_postcontent  avia-bg-style-scroll container_wrap fullsize'  ><div class='container av-section-cont-open' ><div class='template-page content  av-content-full alpha units'><div class='post-entry post-entry-type-page post-entry-287'><div class='entry-content-wrapper clearfix'>\n<section  class='av_textblock_section av-6m5gh-83a74a4543f1a1ab94469d58918dac73'  itemscope=\"itemscope\" itemtype=\"https:\/\/schema.org\/CreativeWork\" ><div class='avia_textblock'  itemprop=\"text\" ><h2>SUPPORT RESOURCES<\/h2>\n<p>Riga Planning Region Investment Environment Interactive Online <a href=\"https:\/\/www.google.com\/maps\/d\/viewer?mid=1sdsMs5LeVgFu1Y0UVpnMRZvL8OIdrUBw&amp;ll=57.23368536300311%2C23.76552504999995&amp;z=7\" target=\"_blank\" rel=\"noopener\">PLATFORM<\/a><\/p>\n<p>Investment project real estate <a href=\"http:\/\/www.liaa.gov.lv\/lv\/nekustamo-ipasumu-datu-baze\" target=\"_blank\" rel=\"noopener\">DATABASE<\/a><\/p>\n<p>Online interactive <a href=\"https:\/\/www.google.com\/maps\/RPR_uz\u0146em\u0113jdarb\u012bbas_atbasta_karte\" target=\"_blank\" rel=\"noopener\">MAP<\/a> of business support potential for Riga Planning Region<\/p>\n<p>Investment opportunities IN Riga planning region <a href=\"https:\/\/www.esfondi.lv\/es-fondu-projektu-mekletajs?form_name=projects-search-form&amp;order_field=SamNumurs&amp;order_dir=asc&amp;ProjektaNosaukums=&amp;ProjektaNumurs=&amp;EsFonds=ERAF&amp;IesniedzejaNosaukums=&amp;pSamNosaukums=&amp;ProjektaStatuss=Visi%20projekti&amp;IstenosanasVietasAdrese=&amp;IstenosanasVietasRegions=Pier\u012bga&amp;IntervencesKategorijasNosaukums=&amp;page=4\" target=\"_blank\" rel=\"noopener\">MUNICIPALITIES<\/a> through EU funds 2014-2020 support<\/p>\n<\/div><\/section>\n<\/p>\n","protected":false},"excerpt":{"rendered":"","protected":false},"author":1,"featured_media":0,"parent":0,"menu_order":0,"comment_status":"closed","ping_status":"closed","template":"template-createitheaderstyle.php","meta":[],"_links":{"self":[{"href":"https:\/\/rpr-business.lv\/en\/wp-json\/wp\/v2\/pages\/287"}],"collection":[{"href":"https:\/\/rpr-business.lv\/en\/wp-json\/wp\/v2\/pages"}],"about":[{"href":"https:\/\/rpr-business.lv\/en\/wp-json\/wp\/v2\/types\/page"}],"author":[{"embeddable":true,"href":"https:\/\/rpr-business.lv\/en\/wp-json\/wp\/v2\/users\/1"}],"replies":[{"embeddable":true,"href":"https:\/\/rpr-business.lv\/en\/wp-json\/wp\/v2\/comments?post=287"}],"version-history":[{"count":5,"href":"https:\/\/rpr-business.lv\/en\/wp-json\/wp\/v2\/pages\/287\/revisions"}],"predecessor-version":[{"id":292,"href":"https:\/\/rpr-business.lv\/en\/wp-json\/wp\/v2\/pages\/287\/revisions\/292"}],"wp:attachment":[{"href":"https:\/\/rpr-business.lv\/en\/wp-json\/wp\/v2\/media?parent=287"}],"curies":[{"name":"wp","href":"https:\/\/api.w.org\/{rel}","templated":true}]}}